{"id":2600,"date":"2024-11-28T15:31:30","date_gmt":"2024-11-28T15:31:30","guid":{"rendered":"https:\/\/www.trivic.com\/avis-legal\/"},"modified":"2025-05-22T13:54:36","modified_gmt":"2025-05-22T13:54:36","slug":"aviso-legal","status":"publish","type":"page","link":"https:\/\/www.trivic.com\/es\/aviso-legal\/","title":{"rendered":"Aviso Legal"},"content":{"rendered":"[vc_row type=\u00bbin_container\u00bb full_screen_row_position=\u00bbmiddle\u00bb column_margin=\u00bbdefault\u00bb column_direction=\u00bbdefault\u00bb column_direction_tablet=\u00bbdefault\u00bb column_direction_phone=\u00bbdefault\u00bb scene_position=\u00bbcenter\u00bb text_color=\u00bbdark\u00bb text_align=\u00bbleft\u00bb row_border_radius=\u00bbnone\u00bb row_border_radius_applies=\u00bbbg\u00bb overflow=\u00bbvisible\u00bb overlay_strength=\u00bb0.3&#8243; gradient_direction=\u00bbleft_to_right\u00bb shape_divider_position=\u00bbbottom\u00bb bg_image_animation=\u00bbnone\u00bb][vc_column column_padding=\u00bbno-extra-padding\u00bb column_padding_tablet=\u00bbinherit\u00bb column_padding_phone=\u00bbinherit\u00bb column_padding_position=\u00bball\u00bb column_element_direction_desktop=\u00bbdefault\u00bb column_element_spacing=\u00bbdefault\u00bb desktop_text_alignment=\u00bbdefault\u00bb tablet_text_alignment=\u00bbdefault\u00bb phone_text_alignment=\u00bbdefault\u00bb background_color_opacity=\u00bb1&#8243; background_hover_color_opacity=\u00bb1&#8243; column_backdrop_filter=\u00bbnone\u00bb column_shadow=\u00bbnone\u00bb column_border_radius=\u00bbnone\u00bb column_link_target=\u00bb_self\u00bb column_position=\u00bbdefault\u00bb gradient_direction=\u00bbleft_to_right\u00bb overlay_strength=\u00bb0.3&#8243; width=\u00bb1\/1&#8243; tablet_width_inherit=\u00bbdefault\u00bb animation_type=\u00bbdefault\u00bb bg_image_animation=\u00bbnone\u00bb border_type=\u00bbsimple\u00bb column_border_width=\u00bbnone\u00bb column_border_style=\u00bbsolid\u00bb][vc_column_text text_direction=\u00bbdefault\u00bb]\n<h1><strong>Aviso legal<\/strong><\/h1>\n<p><strong>Titularidad del sitio web<\/strong><br \/>\nEn cumplimiento de lo que establece la Ley 34\/2002, de 11 de julio, de Servicios de la Sociedad de la Informaci\u00f3n y del Comercio Electr\u00f3nico (LSSI-CE), se informa que este sitio web es propiedad de la entidad titular (en adelante, \u00abel titular\u00bb).<\/p>\n<p>El sitio web est\u00e1 destinado a ofrecer informaci\u00f3n sobre los servicios o productos proporcionados por el titular y facilitar la comunicaci\u00f3n con los usuarios.<\/p>\n<p><strong>Condiciones de uso<\/strong><br \/>\nEl acceso y uso de este sitio web est\u00e1n sujetos a las siguientes condiciones:<\/p>\n<ol>\n<li><strong>Aceptaci\u00f3n del usuario:<\/strong> El acceso al sitio web implica la aceptaci\u00f3n plena de las condiciones establecidas en este aviso legal. Si el usuario no est\u00e1 de acuerdo, deber\u00e1 abstenerse de utilizar el sitio web.<\/li>\n<li><strong>Uso adecuado:<\/strong> El usuario se compromete a hacer un uso adecuado de los contenidos y servicios del sitio web ya no utilizarlos para actividades il\u00edcitas o contrarias a la normativa vigente, la moral, el orden p\u00fablico o este aviso legal.<\/li>\n<li><strong>Exenci\u00f3n de responsabilidad:<\/strong> El titular no se responsabiliza de los errores u omisiones en los contenidos, la falta de disponibilidad del sitio web o los da\u00f1os derivados del uso inadecuado del sitio web por parte del usuario.<\/li>\n<\/ol>\n<p><strong>Propiedad intelectual e industrial<\/strong><br \/>\nLos contenidos del sitio web (textos, im\u00e1genes, dise\u00f1os, logos, c\u00f3digo fuente, etc.) est\u00e1n protegidos por las leyes de propiedad intelectual e industrial. Cualquier uso no autorizado de los contenidos puede considerarse una infracci\u00f3n y dar lugar a acciones legales. El usuario no puede reproducir, distribuir, modificar o comunicar p\u00fablicamente los contenidos sin el consentimiento expreso del titular.<\/p>\n<p><strong>Enlaces externos<\/strong><br \/>\nEl sitio web puede contener enlaces a p\u00e1ginas web de terceros. El titular no se responsabiliza del contenido ni del tratamiento de datos personales de estas p\u00e1ginas externas. Se recomienda a los usuarios leer los avisos legales y pol\u00edticas de privacidad de las webs enlazadas.<\/p>\n<p><strong>Protecci\u00f3n de datos personales<\/strong><br \/>\nEl tratamiento de los datos personales de los usuarios se rige por la <strong>Pol\u00edtica de Privacidad<\/strong>, que se encuentra disponible a trav\u00e9s de este sitio web.<\/p>\n<p><strong>Legislaci\u00f3n aplicable y jurisdicci\u00f3n<\/strong><br \/>\nEste aviso legal se rige por la legislaci\u00f3n espa\u00f1ola. Para cualquier controversia que pueda surgir en relaci\u00f3n con el sitio web o este aviso legal, las partes se someten a los juzgados y tribunales de la localidad de residencia del titular del sitio web, salvo que la legislaci\u00f3n aplicable establezca otro foro.<\/p>\n<p><strong>Contacto<\/strong><br \/>\nPara cualquier consulta relacionada con este aviso legal, el usuario puede contactar con el titular del sitio web mediante el formulario de contacto o el correo electr\u00f3nico proporcionado en el sitio web.[\/vc_column_text][\/vc_column][\/vc_row]\n","protected":false},"excerpt":{"rendered":"<p>[vc_row type=\u00bbin_container\u00bb full_screen_row_position=\u00bbmiddle\u00bb column_margin=\u00bbdefault\u00bb column_direction=\u00bbdefault\u00bb column_direction_tablet=\u00bbdefault\u00bb column_direction_phone=\u00bbdefault\u00bb scene_position=\u00bbcenter\u00bb text_color=\u00bbdark\u00bb text_align=\u00bbleft\u00bb row_border_radius=\u00bbnone\u00bb row_border_radius_applies=\u00bbbg\u00bb overflow=\u00bbvisible\u00bb overlay_strength=\u00bb0.3&#8243; gradient_direction=\u00bbleft_to_right\u00bb shape_divider_position=\u00bbbottom\u00bb bg_image_animation=\u00bbnone\u00bb][vc_column column_padding=\u00bbno-extra-padding\u00bb column_padding_tablet=\u00bbinherit\u00bb column_padding_phone=\u00bbinherit\u00bb column_padding_position=\u00bball\u00bb column_element_direction_desktop=\u00bbdefault\u00bb column_element_spacing=\u00bbdefault\u00bb desktop_text_alignment=\u00bbdefault\u00bb tablet_text_alignment=\u00bbdefault\u00bb phone_text_alignment=\u00bbdefault\u00bb background_color_opacity=\u00bb1&#8243; background_hover_color_opacity=\u00bb1&#8243; column_backdrop_filter=\u00bbnone\u00bb column_shadow=\u00bbnone\u00bb&#8230;<\/p>\n","protected":false},"author":2,"featured_media":0,"parent":0,"menu_order":0,"comment_status":"closed","ping_status":"closed","template":"","meta":{"inline_featured_image":false,"footnotes":""},"class_list":["post-2600","page","type-page","status-publish"],"_links":{"self":[{"href":"https:\/\/www.trivic.com\/es\/wp-json\/wp\/v2\/pages\/2600","targetHints":{"allow":["GET"]}}],"collection":[{"href":"https:\/\/www.trivic.com\/es\/wp-json\/wp\/v2\/pages"}],"about":[{"href":"https:\/\/www.trivic.com\/es\/wp-json\/wp\/v2\/types\/page"}],"author":[{"embeddable":true,"href":"https:\/\/www.trivic.com\/es\/wp-json\/wp\/v2\/users\/2"}],"replies":[{"embeddable":true,"href":"https:\/\/www.trivic.com\/es\/wp-json\/wp\/v2\/comments?post=2600"}],"version-history":[{"count":1,"href":"https:\/\/www.trivic.com\/es\/wp-json\/wp\/v2\/pages\/2600\/revisions"}],"predecessor-version":[{"id":2601,"href":"https:\/\/www.trivic.com\/es\/wp-json\/wp\/v2\/pages\/2600\/revisions\/2601"}],"wp:attachment":[{"href":"https:\/\/www.trivic.com\/es\/wp-json\/wp\/v2\/media?parent=2600"}],"curies":[{"name":"wp","href":"https:\/\/api.w.org\/{rel}","templated":true}]}}