{"id":2620,"date":"2023-05-05T12:13:06","date_gmt":"2023-05-05T12:13:06","guid":{"rendered":"https:\/\/www.trivic.com\/declaracio-daccessibilitat\/"},"modified":"2025-05-22T14:35:27","modified_gmt":"2025-05-22T14:35:27","slug":"declaracion-de-accesibilidad","status":"publish","type":"page","link":"https:\/\/www.trivic.com\/es\/declaracion-de-accesibilidad\/","title":{"rendered":"Declaraci\u00f3n de accesibilidad"},"content":{"rendered":"[vc_row type=\u00bbin_container\u00bb full_screen_row_position=\u00bbmiddle\u00bb column_margin=\u00bbdefault\u00bb column_direction=\u00bbdefault\u00bb column_direction_tablet=\u00bbdefault\u00bb column_direction_phone=\u00bbdefault\u00bb scene_position=\u00bbcenter\u00bb text_color=\u00bbdark\u00bb text_align=\u00bbleft\u00bb row_border_radius=\u00bbnone\u00bb row_border_radius_applies=\u00bbbg\u00bb overflow=\u00bbvisible\u00bb overlay_strength=\u00bb0.3&#8243; gradient_direction=\u00bbleft_to_right\u00bb shape_divider_position=\u00bbbottom\u00bb bg_image_animation=\u00bbnone\u00bb][vc_column column_padding=\u00bbno-extra-padding\u00bb column_padding_tablet=\u00bbinherit\u00bb column_padding_phone=\u00bbinherit\u00bb column_padding_position=\u00bball\u00bb column_element_direction_desktop=\u00bbdefault\u00bb column_element_spacing=\u00bbdefault\u00bb desktop_text_alignment=\u00bbdefault\u00bb tablet_text_alignment=\u00bbdefault\u00bb phone_text_alignment=\u00bbdefault\u00bb background_color_opacity=\u00bb1&#8243; background_hover_color_opacity=\u00bb1&#8243; column_backdrop_filter=\u00bbnone\u00bb column_shadow=\u00bbnone\u00bb column_border_radius=\u00bbnone\u00bb column_link_target=\u00bb_self\u00bb column_position=\u00bbdefault\u00bb gradient_direction=\u00bbleft_to_right\u00bb overlay_strength=\u00bb0.3&#8243; width=\u00bb1\/1&#8243; tablet_width_inherit=\u00bbdefault\u00bb animation_type=\u00bbdefault\u00bb bg_image_animation=\u00bbnone\u00bb border_type=\u00bbsimple\u00bb column_border_width=\u00bbnone\u00bb column_border_style=\u00bbsolid\u00bb][vc_column_text text_direction=\u00bbdefault\u00bb]\n<h1><strong>Compromiso con la accesibilidad y la inclusi\u00f3n<\/strong><\/h1>\n<p>Nos comprometemos a mejorar la accesibilidad y la plena inclusi\u00f3n de las personas con discapacidad, garantizando su participaci\u00f3n en todas las actividades de forma equitativa. Colaboramos con expertos y personas con discapacidad para dise\u00f1ar, desarrollar e implementar soluciones que aseguren la igualdad de oportunidades.<\/p>\n<p>Este compromiso se alinea con las principales directrices internacionales sobre derechos de personas con discapacidad, desarrollo sostenible y reducci\u00f3n de desigualdades. Nuestra tarea busca proteger y garantizar que los derechos humanos y las libertades fundamentales sean respetados por todos, sin excepciones.<\/p>\n<p>Las mejoras realizadas para fomentar la accesibilidad incluyen:<\/p>\n<ul>\n<li><strong>Navegaci\u00f3n adaptable:<\/strong> El dise\u00f1o del sitio web permite adaptar los contenidos a distintos dispositivos para garantizar una experiencia \u00f3ptima de navegaci\u00f3n.<\/li>\n<li><strong>Navegaci\u00f3n mediante teclado:<\/strong> Todos los contenidos son accesibles \u00fanicamente con el uso del teclado, facilitando el acceso a personas con diversidad funcional.<\/li>\n<li><strong>Enlaces descriptivos:<\/strong> Los enlaces incluyen explicaciones claras sobre su destino, mejorando la comprensi\u00f3n y orientaci\u00f3n del usuario.<\/li>\n<li><strong>Interpretaci\u00f3n de recursos gr\u00e1ficos:<\/strong> Las im\u00e1genes, tablas y otros elementos visuales incorporan descripciones detalladas que hacen accesible la informaci\u00f3n contenida.<\/li>\n<li><strong>Compatibilidad ampliada:<\/strong> Los contenidos son accesibles incluso en navegadores o dispositivos con limitaciones t\u00e9cnicas, como la falta de soporte para CSS o plugins.<\/li>\n<\/ul>\n<p>Estas acciones forman parte de un compromiso m\u00e1s amplio por construir entornos inclusivos, resilientes y accesibles que aseguren que nadie quede atr\u00e1s. Continuamos trabajando para adaptar y mejorar constantemente nuestros servicios y herramientas, promoviendo un acceso igualitario para todos.[\/vc_column_text][\/vc_column][\/vc_row]\n","protected":false},"excerpt":{"rendered":"<p>[vc_row type=\u00bbin_container\u00bb full_screen_row_position=\u00bbmiddle\u00bb column_margin=\u00bbdefault\u00bb column_direction=\u00bbdefault\u00bb column_direction_tablet=\u00bbdefault\u00bb column_direction_phone=\u00bbdefault\u00bb scene_position=\u00bbcenter\u00bb text_color=\u00bbdark\u00bb text_align=\u00bbleft\u00bb row_border_radius=\u00bbnone\u00bb row_border_radius_applies=\u00bbbg\u00bb overflow=\u00bbvisible\u00bb overlay_strength=\u00bb0.3&#8243; gradient_direction=\u00bbleft_to_right\u00bb shape_divider_position=\u00bbbottom\u00bb bg_image_animation=\u00bbnone\u00bb][vc_column column_padding=\u00bbno-extra-padding\u00bb column_padding_tablet=\u00bbinherit\u00bb column_padding_phone=\u00bbinherit\u00bb column_padding_position=\u00bball\u00bb column_element_direction_desktop=\u00bbdefault\u00bb column_element_spacing=\u00bbdefault\u00bb desktop_text_alignment=\u00bbdefault\u00bb tablet_text_alignment=\u00bbdefault\u00bb phone_text_alignment=\u00bbdefault\u00bb background_color_opacity=\u00bb1&#8243; background_hover_color_opacity=\u00bb1&#8243; column_backdrop_filter=\u00bbnone\u00bb column_shadow=\u00bbnone\u00bb&#8230;<\/p>\n","protected":false},"author":2,"featured_media":0,"parent":0,"menu_order":0,"comment_status":"closed","ping_status":"closed","template":"","meta":{"inline_featured_image":false,"footnotes":""},"class_list":["post-2620","page","type-page","status-publish"],"_links":{"self":[{"href":"https:\/\/www.trivic.com\/es\/wp-json\/wp\/v2\/pages\/2620","targetHints":{"allow":["GET"]}}],"collection":[{"href":"https:\/\/www.trivic.com\/es\/wp-json\/wp\/v2\/pages"}],"about":[{"href":"https:\/\/www.trivic.com\/es\/wp-json\/wp\/v2\/types\/page"}],"author":[{"embeddable":true,"href":"https:\/\/www.trivic.com\/es\/wp-json\/wp\/v2\/users\/2"}],"replies":[{"embeddable":true,"href":"https:\/\/www.trivic.com\/es\/wp-json\/wp\/v2\/comments?post=2620"}],"version-history":[{"count":1,"href":"https:\/\/www.trivic.com\/es\/wp-json\/wp\/v2\/pages\/2620\/revisions"}],"predecessor-version":[{"id":2635,"href":"https:\/\/www.trivic.com\/es\/wp-json\/wp\/v2\/pages\/2620\/revisions\/2635"}],"wp:attachment":[{"href":"https:\/\/www.trivic.com\/es\/wp-json\/wp\/v2\/media?parent=2620"}],"curies":[{"name":"wp","href":"https:\/\/api.w.org\/{rel}","templated":true}]}}