{"id":2638,"date":"2024-11-28T15:33:50","date_gmt":"2024-11-28T15:33:50","guid":{"rendered":"https:\/\/www.trivic.com\/politica-de-cookies\/"},"modified":"2025-05-24T11:47:45","modified_gmt":"2025-05-24T11:47:45","slug":"politica-de-cookies","status":"publish","type":"page","link":"https:\/\/www.trivic.com\/es\/politica-de-cookies\/","title":{"rendered":"Pol\u00edtica de cookies"},"content":{"rendered":"[vc_row type=\u00bbin_container\u00bb full_screen_row_position=\u00bbmiddle\u00bb column_margin=\u00bbdefault\u00bb column_direction=\u00bbdefault\u00bb column_direction_tablet=\u00bbdefault\u00bb column_direction_phone=\u00bbdefault\u00bb scene_position=\u00bbcenter\u00bb text_color=\u00bbdark\u00bb text_align=\u00bbleft\u00bb row_border_radius=\u00bbnone\u00bb row_border_radius_applies=\u00bbbg\u00bb overflow=\u00bbvisible\u00bb overlay_strength=\u00bb0.3&#8243; gradient_direction=\u00bbleft_to_right\u00bb shape_divider_position=\u00bbbottom\u00bb bg_image_animation=\u00bbnone\u00bb][vc_column column_padding=\u00bbno-extra-padding\u00bb column_padding_tablet=\u00bbinherit\u00bb column_padding_phone=\u00bbinherit\u00bb column_padding_position=\u00bball\u00bb column_element_direction_desktop=\u00bbdefault\u00bb column_element_spacing=\u00bbdefault\u00bb desktop_text_alignment=\u00bbdefault\u00bb tablet_text_alignment=\u00bbdefault\u00bb phone_text_alignment=\u00bbdefault\u00bb background_color_opacity=\u00bb1&#8243; background_hover_color_opacity=\u00bb1&#8243; column_backdrop_filter=\u00bbnone\u00bb column_shadow=\u00bbnone\u00bb column_border_radius=\u00bbnone\u00bb column_link_target=\u00bb_self\u00bb column_position=\u00bbdefault\u00bb gradient_direction=\u00bbleft_to_right\u00bb overlay_strength=\u00bb0.3&#8243; width=\u00bb1\/1&#8243; tablet_width_inherit=\u00bbdefault\u00bb animation_type=\u00bbdefault\u00bb bg_image_animation=\u00bbnone\u00bb border_type=\u00bbsimple\u00bb column_border_width=\u00bbnone\u00bb column_border_style=\u00bbsolid\u00bb][vc_column_text text_direction=\u00bbdefault\u00bb]\n<h1><strong>Pol\u00edtica de cookies<\/strong><\/h1>\n<p>Este sitio web utiliza cookies para mejorar la experiencia del usuario y ofrecer servicios personalizados.<\/p>\n<p><strong>\u00bfQu\u00e9 son las cookies?<\/strong><br \/>\nLas cookies son peque\u00f1os archivos de texto que se almacenan en el dispositivo del usuario cuando visita un sitio web.<\/p>\n<p><strong>Tipo de cookies utilizadas:<\/strong><\/p>\n<ol>\n<li><strong>Cookies t\u00e9cnicas:<\/strong> Necesarias para el funcionamiento del sitio web.<\/li>\n<li><strong>Cookies de an\u00e1lisis:<\/strong> Utilizadas para recoger informaci\u00f3n sobre el uso del sitio web.<\/li>\n<li><strong>Cookies publicitarias:<\/strong> Utilizadas para mostrar publicidad relevante para el usuario.<\/li>\n<\/ol>\n<p><strong>Configuraci\u00f3n de cookies<\/strong><br \/>\nEl usuario puede gestionar, bloquear o eliminar las cookies instaladas en su dispositivo configurando las opciones del navegador que utiliza. A continuaci\u00f3n, se proporcionan enlaces con informaci\u00f3n detallada sobre c\u00f3mo hacerlo en los navegadores m\u00e1s comunes:<\/p>\n<ul>\n<li><strong>Google Chrome:<\/strong><br \/>\nPuedes gestionar o eliminar las cookies desde la opci\u00f3n de configuraci\u00f3n del navegador.<br \/>\n<code>Configuraci\u00f3n &gt; Privacidad y seguridad &gt; Cookies y otros datos del sitio.<\/code><\/li>\n<li><strong>Mozilla Firefox:<\/strong><br \/>\nAccede a la configuraci\u00f3n desde:<br \/>\n<code>Opciones &gt; Privacidad y seguridad &gt; Cookies y datos del sitio<\/code><\/li>\n<li><strong>Microsoft Edge:<\/strong><br \/>\nGestiona las cookies desde:<br \/>\n<code>Configuraci\u00f3n &gt; Privacidad, b\u00fasqueda y servicios &gt; Cookies y datos del sitio<\/code><\/li>\n<li><strong>Safari (Mac):<\/strong><br \/>\nPara gestionar las cookies, ve a:<br \/>\n<code>Preferencias &gt; Privacidad &gt; Gestiona datos del sitio web<\/code>.<\/li>\n<li><strong>Opera:<\/strong><br \/>\nLas cookies se pueden configurar desde:<br \/>\n<code>Configuraci\u00f3n &gt; Avanzado &gt; Privacidad y seguridad &gt; Configuraci\u00f3n del sitio &gt; Cookies y datos del sitio.<\/code><\/li>\n<\/ul>\n<p><strong>Nota importante:<\/strong> Si desactivas o bloqueas algunas cookies, algunas funcionalidades del sitio web pueden no funcionar correctamente. Para obtener m\u00e1s informaci\u00f3n sobre c\u00f3mo gestionar las cookies en otros navegadores, consulta la documentaci\u00f3n del desarrollador o el soporte t\u00e9cnico del programa.[\/vc_column_text][\/vc_column][\/vc_row]\n","protected":false},"excerpt":{"rendered":"<p>[vc_row type=\u00bbin_container\u00bb full_screen_row_position=\u00bbmiddle\u00bb column_margin=\u00bbdefault\u00bb column_direction=\u00bbdefault\u00bb column_direction_tablet=\u00bbdefault\u00bb column_direction_phone=\u00bbdefault\u00bb scene_position=\u00bbcenter\u00bb text_color=\u00bbdark\u00bb text_align=\u00bbleft\u00bb row_border_radius=\u00bbnone\u00bb row_border_radius_applies=\u00bbbg\u00bb overflow=\u00bbvisible\u00bb overlay_strength=\u00bb0.3&#8243; gradient_direction=\u00bbleft_to_right\u00bb shape_divider_position=\u00bbbottom\u00bb bg_image_animation=\u00bbnone\u00bb][vc_column column_padding=\u00bbno-extra-padding\u00bb column_padding_tablet=\u00bbinherit\u00bb column_padding_phone=\u00bbinherit\u00bb column_padding_position=\u00bball\u00bb column_element_direction_desktop=\u00bbdefault\u00bb column_element_spacing=\u00bbdefault\u00bb desktop_text_alignment=\u00bbdefault\u00bb tablet_text_alignment=\u00bbdefault\u00bb phone_text_alignment=\u00bbdefault\u00bb background_color_opacity=\u00bb1&#8243; background_hover_color_opacity=\u00bb1&#8243; column_backdrop_filter=\u00bbnone\u00bb column_shadow=\u00bbnone\u00bb&#8230;<\/p>\n","protected":false},"author":2,"featured_media":0,"parent":0,"menu_order":0,"comment_status":"closed","ping_status":"closed","template":"","meta":{"inline_featured_image":false,"footnotes":""},"class_list":["post-2638","page","type-page","status-publish"],"_links":{"self":[{"href":"https:\/\/www.trivic.com\/es\/wp-json\/wp\/v2\/pages\/2638","targetHints":{"allow":["GET"]}}],"collection":[{"href":"https:\/\/www.trivic.com\/es\/wp-json\/wp\/v2\/pages"}],"about":[{"href":"https:\/\/www.trivic.com\/es\/wp-json\/wp\/v2\/types\/page"}],"author":[{"embeddable":true,"href":"https:\/\/www.trivic.com\/es\/wp-json\/wp\/v2\/users\/2"}],"replies":[{"embeddable":true,"href":"https:\/\/www.trivic.com\/es\/wp-json\/wp\/v2\/comments?post=2638"}],"version-history":[{"count":2,"href":"https:\/\/www.trivic.com\/es\/wp-json\/wp\/v2\/pages\/2638\/revisions"}],"predecessor-version":[{"id":2679,"href":"https:\/\/www.trivic.com\/es\/wp-json\/wp\/v2\/pages\/2638\/revisions\/2679"}],"wp:attachment":[{"href":"https:\/\/www.trivic.com\/es\/wp-json\/wp\/v2\/media?parent=2638"}],"curies":[{"name":"wp","href":"https:\/\/api.w.org\/{rel}","templated":true}]}}